{"id":9,"date":"2021-12-25T00:21:00","date_gmt":"2021-12-24T23:21:00","guid":{"rendered":"http:\/\/webkreation.fr\/?page_id=9"},"modified":"2021-12-27T10:48:12","modified_gmt":"2021-12-27T09:48:12","slug":"contact","status":"publish","type":"page","link":"https:\/\/webkreation.fr\/index.php\/contact\/","title":{"rendered":"Contact"},"content":{"rendered":"\n<p>WEBKREATION<\/p>\n\n\n\n<p>Passionn\u00e9 d&rsquo;internet, je suis cr\u00e9ateur de site internet pour petit budget.<\/p>\n\n\n\n<p>Je peux \u00e9galement vous aider \u00e0 r\u00e9aliser votre site (choix du fournisseur internet, choix du type d&rsquo;abonnement en fonction de vos besoins, abonnement pour le nom du site, etc.) si vous en avez besoin.<\/p>\n","protected":false},"excerpt":{"rendered":"<p>WEBKREATION Passionn\u00e9 d&rsquo;internet, je suis cr\u00e9ateur de site internet pour petit budget. Je peux \u00e9galement vous aider \u00e0 r\u00e9aliser votre site (choix du fournisseur internet, choix du type d&rsquo;abonnement en fonction de vos besoins, abonnement pour le nom du site, etc.) si vous en avez besoin.<\/p>\n","protected":false},"author":1,"featured_media":4,"parent":0,"menu_order":0,"comment_status":"closed","ping_status":"closed","template":"","meta":{"footnotes":""},"class_list":["post-9","page","type-page","status-publish","has-post-thumbnail","hentry"],"_links":{"self":[{"href":"https:\/\/webkreation.fr\/index.php\/wp-json\/wp\/v2\/pages\/9","targetHints":{"allow":["GET"]}}],"collection":[{"href":"https:\/\/webkreation.fr\/index.php\/wp-json\/wp\/v2\/pages"}],"about":[{"href":"https:\/\/webkreation.fr\/index.php\/wp-json\/wp\/v2\/types\/page"}],"author":[{"embeddable":true,"href":"https:\/\/webkreation.fr\/index.php\/wp-json\/wp\/v2\/users\/1"}],"replies":[{"embeddable":true,"href":"https:\/\/webkreation.fr\/index.php\/wp-json\/wp\/v2\/comments?post=9"}],"version-history":[{"count":2,"href":"https:\/\/webkreation.fr\/index.php\/wp-json\/wp\/v2\/pages\/9\/revisions"}],"predecessor-version":[{"id":80497,"href":"https:\/\/webkreation.fr\/index.php\/wp-json\/wp\/v2\/pages\/9\/revisions\/80497"}],"wp:featuredmedia":[{"embeddable":true,"href":"https:\/\/webkreation.fr\/index.php\/wp-json\/wp\/v2\/media\/4"}],"wp:attachment":[{"href":"https:\/\/webkreation.fr\/index.php\/wp-json\/wp\/v2\/media?parent=9"}],"curies":[{"name":"wp","href":"https:\/\/api.w.org\/{rel}","templated":true}]}}